{"id":185,"date":"2022-01-22T17:28:53","date_gmt":"2022-01-22T17:28:53","guid":{"rendered":"http:\/\/mayordevara.com\/?post_type=product&#038;p=185"},"modified":"2022-01-22T17:44:16","modified_gmt":"2022-01-22T17:44:16","slug":"mayor-de-vara-espadin","status":"publish","type":"product","link":"http:\/\/mayordevara.com\/?product=mayor-de-vara-espadin","title":{"rendered":"Mayor de Vara Espad\u00edn"},"content":{"rendered":"","protected":false},"excerpt":{"rendered":"<p>Mezcal Mayor de Vara espad\u00edn es elaborado con agave espad\u00edn 100% de la regi\u00f3n de Mitla, Oaxaca.\u00a0 Un mezcal artesanal destilado en alambique de cobre a 48% Alc. Vol. Presentaci\u00f3n 750ml.<\/p>\n","protected":false},"featured_media":112,"comment_status":"open","ping_status":"closed","template":"","meta":{"site-sidebar-layout":"default","site-content-layout":"default","ast-main-header-display":"","ast-hfb-above-header-display":"","ast-hfb-below-header-display":"","ast-hfb-mobile-header-display":"","site-post-title":"","ast-breadcrumbs-content":"","ast-featured-img":"","footer-sml-layout":"","theme-transparent-header-meta":"","adv-header-id-meta":"","stick-header-meta":"","header-above-stick-meta":"","header-main-stick-meta":"","header-below-stick-meta":""},"product_cat":[18],"product_tag":[],"class_list":{"0":"post-185","1":"product","2":"type-product","3":"status-publish","4":"has-post-thumbnail","6":"product_cat-sin-categorizar","8":"first","9":"instock","10":"shipping-taxable","11":"purchasable","12":"product-type-simple"},"_links":{"self":[{"href":"http:\/\/mayordevara.com\/index.php?rest_route=\/wp\/v2\/product\/185","targetHints":{"allow":["GET"]}}],"collection":[{"href":"http:\/\/mayordevara.com\/index.php?rest_route=\/wp\/v2\/product"}],"about":[{"href":"http:\/\/mayordevara.com\/index.php?rest_route=\/wp\/v2\/types\/product"}],"replies":[{"embeddable":true,"href":"http:\/\/mayordevara.com\/index.php?rest_route=%2Fwp%2Fv2%2Fcomments&post=185"}],"wp:featuredmedia":[{"embeddable":true,"href":"http:\/\/mayordevara.com\/index.php?rest_route=\/wp\/v2\/media\/112"}],"wp:attachment":[{"href":"http:\/\/mayordevara.com\/index.php?rest_route=%2Fwp%2Fv2%2Fmedia&parent=185"}],"wp:term":[{"taxonomy":"product_cat","embeddable":true,"href":"http:\/\/mayordevara.com\/index.php?rest_route=%2Fwp%2Fv2%2Fproduct_cat&post=185"},{"taxonomy":"product_tag","embeddable":true,"href":"http:\/\/mayordevara.com\/index.php?rest_route=%2Fwp%2Fv2%2Fproduct_tag&post=185"}],"curies":[{"name":"wp","href":"https:\/\/api.w.org\/{rel}","templated":true}]}}