{"id":168,"date":"2022-01-22T17:06:59","date_gmt":"2022-01-22T17:06:59","guid":{"rendered":"http:\/\/mayordevara.com\/?page_id=168"},"modified":"2022-01-22T17:10:19","modified_gmt":"2022-01-22T17:10:19","slug":"sobre-nosotros","status":"publish","type":"page","link":"http:\/\/mayordevara.com\/?page_id=168","title":{"rendered":"Sobre Nosotros"},"content":{"rendered":"\t\t<div data-elementor-type=\"wp-page\" data-elementor-id=\"168\" class=\"elementor elementor-168\" data-elementor-settings=\"[]\">\n\t\t\t\t\t\t\t<div class=\"elementor-section-wrap\">\n\t\t\t\t\t\t\t<section class=\"elementor-section elementor-top-section elementor-element elementor-element-7bf6bb3d elementor-section-content-middle elementor-reverse-mobile elementor-section-boxed elementor-section-height-default elementor-section-height-default\" data-id=\"7bf6bb3d\" data-element_type=\"section\">\n\t\t\t\t\t\t<div class=\"elementor-container elementor-column-gap-no\">\n\t\t\t\t\t<div class=\"elementor-column elementor-col-50 elementor-top-column elementor-element elementor-element-554610d\" data-id=\"554610d\" data-element_type=\"column\">\n\t\t\t<div class=\"elementor-widget-wrap elementor-element-populated\">\n\t\t\t\t\t\t\t\t<div class=\"elementor-element elementor-element-5b983e80 elementor-widget elementor-widget-heading\" data-id=\"5b983e80\" data-element_type=\"widget\" data-widget_type=\"heading.default\">\n\t\t\t\t<div class=\"elementor-widget-container\">\n\t\t\t<style>\/*! elementor - v3.5.3 - 28-12-2021 *\/\n.elementor-heading-title{padding:0;margin:0;line-height:1}.elementor-widget-heading .elementor-heading-title[class*=elementor-size-]>a{color:inherit;font-size:inherit;line-height:inherit}.elementor-widget-heading .elementor-heading-title.elementor-size-small{font-size:15px}.elementor-widget-heading .elementor-heading-title.elementor-size-medium{font-size:19px}.elementor-widget-heading .elementor-heading-title.elementor-size-large{font-size:29px}.elementor-widget-heading .elementor-heading-title.elementor-size-xl{font-size:39px}.elementor-widget-heading .elementor-heading-title.elementor-size-xxl{font-size:59px}<\/style><h4 class=\"elementor-heading-title elementor-size-default\">SOBRE NOSOTROS<\/h4>\t\t<\/div>\n\t\t\t\t<\/div>\n\t\t\t\t<div class=\"elementor-element elementor-element-5d21e28e elementor-widget elementor-widget-text-editor\" data-id=\"5d21e28e\" data-element_type=\"widget\" data-widget_type=\"text-editor.default\">\n\t\t\t\t<div class=\"elementor-widget-container\">\n\t\t\t<style>\/*! elementor - v3.5.3 - 28-12-2021 *\/\n.elementor-widget-text-editor.elementor-drop-cap-view-stacked .elementor-drop-cap{background-color:#818a91;color:#fff}.elementor-widget-text-editor.elementor-drop-cap-view-framed .elementor-drop-cap{color:#818a91;border:3px solid;background-color:transparent}.elementor-widget-text-editor:not(.elementor-drop-cap-view-default) .elementor-drop-cap{margin-top:8px}.elementor-widget-text-editor:not(.elementor-drop-cap-view-default) .elementor-drop-cap-letter{width:1em;height:1em}.elementor-widget-text-editor .elementor-drop-cap{float:left;text-align:center;line-height:1;font-size:50px}.elementor-widget-text-editor .elementor-drop-cap-letter{display:inline-block}<\/style>\t\t\t\t<p>Mezcal Mayor de Vara somos una Empresa 100% oaxaque\u00f1a dedicada a producir mezcal artesanal de gran calidad y sabor exquisito, desde hace 10 a\u00f1os iniciamos el proceso de destilaci\u00f3n en nuestro palenque ubicado en Xaaga, Mitla en el estado de Oaxaca, tomando en cuenta la calidad y origen natural de nuestros agaves hemos logrado destilar excelentes mezcales.<\/p>\t\t\t\t\t\t<\/div>\n\t\t\t\t<\/div>\n\t\t\t\t<div class=\"elementor-element elementor-element-3fb26414 elementor-widget elementor-widget-button\" data-id=\"3fb26414\" data-element_type=\"widget\" data-widget_type=\"button.default\">\n\t\t\t\t<div class=\"elementor-widget-container\">\n\t\t\t\t\t<div class=\"elementor-button-wrapper\">\n\t\t\t<a href=\"#\" class=\"elementor-button-link elementor-button elementor-size-sm elementor-animation-grow\" role=\"button\">\n\t\t\t\t\t\t<span class=\"elementor-button-content-wrapper\">\n\t\t\t\t\t\t<span class=\"elementor-button-text\">IR A INICIO<\/span>\n\t\t<\/span>\n\t\t\t\t\t<\/a>\n\t\t<\/div>\n\t\t\t\t<\/div>\n\t\t\t\t<\/div>\n\t\t\t\t\t<\/div>\n\t\t<\/div>\n\t\t\t\t<div class=\"elementor-column elementor-col-50 elementor-top-column elementor-element elementor-element-870d3a7\" data-id=\"870d3a7\" data-element_type=\"column\">\n\t\t\t<div class=\"elementor-widget-wrap elementor-element-populated\">\n\t\t\t\t\t\t\t\t<div class=\"elementor-element elementor-element-d8af37 elementor-widget elementor-widget-image\" data-id=\"d8af37\" data-element_type=\"widget\" data-widget_type=\"image.default\">\n\t\t\t\t<div class=\"elementor-widget-container\">\n\t\t\t<style>\/*! elementor - v3.5.3 - 28-12-2021 *\/\n.elementor-widget-image{text-align:center}.elementor-widget-image a{display:inline-block}.elementor-widget-image a img[src$=\".svg\"]{width:48px}.elementor-widget-image img{vertical-align:middle;display:inline-block}<\/style>\t\t\t\t\t\t\t\t\t\t\t\t<img loading=\"lazy\" decoding=\"async\" width=\"960\" height=\"720\" src=\"http:\/\/mayordevara.com\/wp-content\/uploads\/2022\/01\/Galeria12.jpg\" class=\"attachment-large size-large\" alt=\"\" srcset=\"http:\/\/mayordevara.com\/wp-content\/uploads\/2022\/01\/Galeria12.jpg 960w, http:\/\/mayordevara.com\/wp-content\/uploads\/2022\/01\/Galeria12-600x450.jpg 600w, http:\/\/mayordevara.com\/wp-content\/uploads\/2022\/01\/Galeria12-300x225.jpg 300w, http:\/\/mayordevara.com\/wp-content\/uploads\/2022\/01\/Galeria12-768x576.jpg 768w\" sizes=\"auto, (max-width: 960px) 100vw, 960px\" \/>\t\t\t\t\t\t\t\t\t\t\t\t\t\t\t<\/div>\n\t\t\t\t<\/div>\n\t\t\t\t\t<\/div>\n\t\t<\/div>\n\t\t\t\t\t\t\t<\/div>\n\t\t<\/section>\n\t\t\t\t\t\t<\/div>\n\t\t\t\t\t<\/div>\n\t\t","protected":false},"excerpt":{"rendered":"<p>SOBRE NOSOTROS Mezcal Mayor de Vara somos una Empresa 100% oaxaque\u00f1a dedicada a producir mezcal artesanal de gran calidad y sabor exquisito, desde hace 10 a\u00f1os iniciamos el proceso de destilaci\u00f3n en nuestro palenque ubicado en Xaaga, Mitla en el estado de Oaxaca, tomando en cuenta la calidad y origen natural de nuestros agaves hemos &hellip;<\/p>\n<p class=\"read-more\"> <a class=\"\" href=\"http:\/\/mayordevara.com\/?page_id=168\"> <span class=\"screen-reader-text\">Sobre Nosotros<\/span> Leer m\u00e1s &raquo;<\/a><\/p>\n","protected":false},"author":1,"featured_media":0,"parent":0,"menu_order":0,"comment_status":"closed","ping_status":"closed","template":"","meta":{"site-sidebar-layout":"no-sidebar","site-content-layout":"page-builder","ast-main-header-display":"","ast-hfb-above-header-display":"","ast-hfb-below-header-display":"","ast-hfb-mobile-header-display":"","site-post-title":"disabled","ast-breadcrumbs-content":"","ast-featured-img":"disabled","footer-sml-layout":"","theme-transparent-header-meta":"","adv-header-id-meta":"","stick-header-meta":"","header-above-stick-meta":"","header-main-stick-meta":"","header-below-stick-meta":"","footnotes":""},"class_list":["post-168","page","type-page","status-publish","hentry"],"_links":{"self":[{"href":"http:\/\/mayordevara.com\/index.php?rest_route=\/wp\/v2\/pages\/168","targetHints":{"allow":["GET"]}}],"collection":[{"href":"http:\/\/mayordevara.com\/index.php?rest_route=\/wp\/v2\/pages"}],"about":[{"href":"http:\/\/mayordevara.com\/index.php?rest_route=\/wp\/v2\/types\/page"}],"author":[{"embeddable":true,"href":"http:\/\/mayordevara.com\/index.php?rest_route=\/wp\/v2\/users\/1"}],"replies":[{"embeddable":true,"href":"http:\/\/mayordevara.com\/index.php?rest_route=%2Fwp%2Fv2%2Fcomments&post=168"}],"version-history":[{"count":7,"href":"http:\/\/mayordevara.com\/index.php?rest_route=\/wp\/v2\/pages\/168\/revisions"}],"predecessor-version":[{"id":175,"href":"http:\/\/mayordevara.com\/index.php?rest_route=\/wp\/v2\/pages\/168\/revisions\/175"}],"wp:attachment":[{"href":"http:\/\/mayordevara.com\/index.php?rest_route=%2Fwp%2Fv2%2Fmedia&parent=168"}],"curies":[{"name":"wp","href":"https:\/\/api.w.org\/{rel}","templated":true}]}}